{"id":105,"date":"2023-10-25T12:11:45","date_gmt":"2023-10-25T15:11:45","guid":{"rendered":"https:\/\/wnogueira.adv.br\/?page_id=105"},"modified":"2023-10-25T17:28:18","modified_gmt":"2023-10-25T20:28:18","slug":"termos-de-uso","status":"publish","type":"page","link":"https:\/\/wnogueira.adv.br\/?page_id=105","title":{"rendered":"Termos de Uso"},"content":{"rendered":"\t\t<div data-elementor-type=\"wp-page\" data-elementor-id=\"105\" class=\"elementor elementor-105\">\n\t\t\t\t<div class=\"elementor-element elementor-element-5bbbbe28 e-flex e-con-boxed wpr-particle-no wpr-jarallax-no wpr-parallax-no wpr-sticky-section-no wpr-equal-height-no e-con e-parent\" data-id=\"5bbbbe28\" data-element_type=\"container\" data-e-type=\"container\" data-settings=\"{&quot;background_background&quot;:&quot;gradient&quot;}\">\n\t\t\t\t\t<div class=\"e-con-inner\">\n\t\t\t\t<div class=\"elementor-element elementor-element-10f9826f exad-sticky-section-no exad-glass-effect-no elementor-widget elementor-widget-heading\" data-id=\"10f9826f\" data-element_type=\"widget\" data-e-type=\"widget\" data-widget_type=\"heading.default\">\n\t\t\t\t<div class=\"elementor-widget-container\">\n\t\t\t\t\t<h2 class=\"elementor-heading-title elementor-size-default\">Termos de Uso<\/h2>\t\t\t\t<\/div>\n\t\t\t\t<\/div>\n\t\t\t\t<div class=\"elementor-element elementor-element-10f2ba6 exad-sticky-section-no exad-glass-effect-no elementor-widget elementor-widget-text-editor\" data-id=\"10f2ba6\" data-element_type=\"widget\" data-e-type=\"widget\" data-widget_type=\"text-editor.default\">\n\t\t\t\t<div class=\"elementor-widget-container\">\n\t\t\t\t\t\t\t\t\t<p><strong>Termos de Uso<\/strong><\/p>\n<p><strong>1. Uso do Site<\/strong><\/p>\n<p>Ao utilizar o site wnogueira.adv.br, voc\u00ea concorda em cumprir os termos e condi\u00e7\u00f5es estabelecidos neste documento. O uso indevido do site, incluindo viola\u00e7\u00e3o de direitos autorais, comportamento ilegal ou atividades prejudiciais, n\u00e3o ser\u00e1 tolerado.<\/p>\n<p><strong>2. Propriedade Intelectual<\/strong><\/p>\n<p>Todo o conte\u00fado presente no site, incluindo textos, imagens, logotipos e marcas registradas, \u00e9 de propriedade exclusiva da NOGUEIRA ADVOCACIA ou de terceiros devidamente autorizados. A reprodu\u00e7\u00e3o ou uso n\u00e3o autorizado desse conte\u00fado \u00e9 estritamente proibido.<\/p>\n<p><strong>3. Links para Terceiros<\/strong><\/p>\n<p>Nosso site pode conter links para sites de terceiros. N\u00e3o nos responsabilizamos pelo conte\u00fado ou pelas pr\u00e1ticas de privacidade desses sites. Recomendamos que voc\u00ea revise as pol\u00edticas de privacidade e os termos de uso de qualquer site externo que visitar.<\/p>\n<p><strong>4. Jurisdi\u00e7\u00e3o<\/strong><\/p>\n<p>Estes termos de uso est\u00e3o sujeitos \u00e0s leis da jurisdi\u00e7\u00e3o onde a NOGUEIRA ADVOCACIA&nbsp;est\u00e1 localizada.<\/p>\n<p>Para d\u00favidas, sugest\u00f5es ou quest\u00f5es relacionadas a esta Pol\u00edtica de Privacidade ou aos Termos de Uso, entre em contato conosco atrav\u00e9s das informa\u00e7\u00f5es fornecidas na se\u00e7\u00e3o de contato do site.<\/p>\n<p>NOGUEIRA ADVOCACIA<br><\/p>\n<p>Endere\u00e7o: Av. 25 de Agosto, 4608, Centro, Rolim de Moura \u2013 RO, 76940-000<\/p>\n<p>E-mail: lgpd@wnogueira.adv.br<\/p>\n<p>Telefone: +55&nbsp; (69) 98412-0050<\/p>\n<p>Data de Vig\u00eancia: 29\/09\/2023<\/p>\t\t\t\t\t\t\t\t<\/div>\n\t\t\t\t<\/div>\n\t\t\t\t\t<\/div>\n\t\t\t\t<\/div>\n\t\t\t\t<\/div>\n\t\t","protected":false},"excerpt":{"rendered":"<p>Termos de Uso Termos de Uso 1. Uso do Site Ao utilizar o site wnogueira.adv.br, voc\u00ea concorda em cumprir os termos e condi\u00e7\u00f5es estabelecidos neste documento. O uso indevido do site, incluindo viola\u00e7\u00e3o de direitos autorais, comportamento ilegal ou atividades prejudiciais, n\u00e3o ser\u00e1 tolerado. 2. Propriedade Intelectual Todo o conte\u00fado presente no site, incluindo textos, imagens, logotipos e marcas registradas, \u00e9 de propriedade exclusiva da NOGUEIRA ADVOCACIA ou de terceiros devidamente autorizados. A reprodu\u00e7\u00e3o ou uso n\u00e3o autorizado desse conte\u00fado \u00e9 estritamente proibido. 3. Links para Terceiros Nosso site pode conter links para sites de terceiros. N\u00e3o nos responsabilizamos pelo conte\u00fado ou pelas pr\u00e1ticas de privacidade desses sites. Recomendamos que voc\u00ea revise as pol\u00edticas de privacidade e os termos de uso de qualquer site externo que visitar. 4. Jurisdi\u00e7\u00e3o Estes termos de uso est\u00e3o sujeitos \u00e0s leis da jurisdi\u00e7\u00e3o onde a NOGUEIRA ADVOCACIA&nbsp;est\u00e1 localizada. Para d\u00favidas, sugest\u00f5es ou quest\u00f5es relacionadas a esta Pol\u00edtica de Privacidade ou aos Termos de Uso, entre em contato conosco atrav\u00e9s das informa\u00e7\u00f5es fornecidas na se\u00e7\u00e3o de contato do site. NOGUEIRA ADVOCACIA Endere\u00e7o: Av. 25 de Agosto, 4608, Centro, Rolim de Moura \u2013 RO, 76940-000 E-mail: lgpd@wnogueira.adv.br Telefone: +55&nbsp; (69) 98412-0050 Data de Vig\u00eancia: 29\/09\/2023<\/p>\n","protected":false},"author":1,"featured_media":0,"parent":0,"menu_order":0,"comment_status":"closed","ping_status":"closed","template":"","meta":{"_editorskit_title_hidden":false,"_editorskit_reading_time":0,"_editorskit_is_block_options_detached":false,"_editorskit_block_options_position":"{}","footnotes":""},"class_list":["post-105","page","type-page","status-publish","hentry"],"blocksy_meta":[],"_links":{"self":[{"href":"https:\/\/wnogueira.adv.br\/index.php?rest_route=\/wp\/v2\/pages\/105","targetHints":{"allow":["GET"]}}],"collection":[{"href":"https:\/\/wnogueira.adv.br\/index.php?rest_route=\/wp\/v2\/pages"}],"about":[{"href":"https:\/\/wnogueira.adv.br\/index.php?rest_route=\/wp\/v2\/types\/page"}],"author":[{"embeddable":true,"href":"https:\/\/wnogueira.adv.br\/index.php?rest_route=\/wp\/v2\/users\/1"}],"replies":[{"embeddable":true,"href":"https:\/\/wnogueira.adv.br\/index.php?rest_route=%2Fwp%2Fv2%2Fcomments&post=105"}],"version-history":[{"count":0,"href":"https:\/\/wnogueira.adv.br\/index.php?rest_route=\/wp\/v2\/pages\/105\/revisions"}],"wp:attachment":[{"href":"https:\/\/wnogueira.adv.br\/index.php?rest_route=%2Fwp%2Fv2%2Fmedia&parent=105"}],"curies":[{"name":"wp","href":"https:\/\/api.w.org\/{rel}","templated":true}]}}